{"id":133378,"date":"2025-03-13T14:00:21","date_gmt":"2025-03-13T14:00:21","guid":{"rendered":"https:\/\/santoriniyachtingcruises.com\/?page_id=133378"},"modified":"2026-04-16T12:24:34","modified_gmt":"2026-04-16T12:24:34","slug":"tours-prives-en-bateau","status":"publish","type":"page","link":"https:\/\/santoriniyachtingcruises.com\/fr\/tours-prives-en-bateau\/","title":{"rendered":"Tours Priv\u00e9s en Bateau"},"content":{"rendered":"<div class=\"wpb-content-wrapper\"><p>[vc_row row_height_percent=\u00a0\u00bb40&Prime; override_padding=\u00a0\u00bbyes\u00a0\u00bb h_padding=\u00a0\u00bb2&Prime; top_padding=\u00a0\u00bb5&Prime; bottom_padding=\u00a0\u00bb4&Prime; back_image=\u00a0\u00bb133629&Prime; back_position=\u00a0\u00bbcenter bottom\u00a0\u00bb overlay_color=\u00a0\u00bbcolor-jevc\u00a0\u00bb overlay_alpha=\u00a0\u00bb28&Prime; gutter_size=\u00a0\u00bb3&Prime; column_width_percent=\u00a0\u00bb100&Prime; shift_y=\u00a0\u00bb0&Prime; z_index=\u00a0\u00bb0&Prime; bottom_divider=\u00a0\u00bbgradient\u00a0\u00bb content_parallax=\u00a0\u00bb0&Prime; uncode_shortcode_id=\u00a0\u00bb174851&Prime; overlay_color_type=\u00a0\u00bbuncode-palette\u00a0\u00bb row_height_pixel=\u00a0\u00bb250&Prime;][vc_column column_width_use_pixel=\u00a0\u00bbyes\u00a0\u00bb position_vertical=\u00a0\u00bbmiddle\u00a0\u00bb gutter_size=\u00a0\u00bb1&Prime; style=\u00a0\u00bbdark\u00a0\u00bb overlay_alpha=\u00a0\u00bb50&Prime; shift_x=\u00a0\u00bb0&Prime; shift_y=\u00a0\u00bb0&Prime; shift_y_down=\u00a0\u00bb0&Prime; z_index=\u00a0\u00bb0&Prime; medium_width=\u00a0\u00bb0&Prime; mobile_width=\u00a0\u00bb0&Prime; css_animation=\u00a0\u00bbbottom-t-top\u00a0\u00bb animation_speed=\u00a0\u00bb1000&Prime; animation_delay=\u00a0\u00bb200&Prime; width=\u00a0\u00bb1\/1&Prime; uncode_shortcode_id=\u00a0\u00bb106664&Prime;][vc_custom_heading heading_semantic=\u00a0\u00bbh3&Prime; text_size=\u00a0\u00bbh6&Prime; css_animation=\u00a0\u00bbcurtain\u00a0\u00bb animation_speed=\u00a0\u00bb1000&Prime; uncode_shortcode_id=\u00a0\u00bb275154&Prime;]R\u00c9SERVATION EN LIGNE[\/vc_custom_heading][vc_custom_heading heading_semantic=\u00a0\u00bbh1&Prime; text_size=\u00a0\u00bbfontsize-128529&Prime; text_height=\u00a0\u00bbfontheight-114088&Prime; css_animation=\u00a0\u00bbcurtain\u00a0\u00bb animation_speed=\u00a0\u00bb1000&Prime; animation_delay=\u00a0\u00bb100&Prime; interval_animation=\u00a0\u00bb100&Prime; uncode_shortcode_id=\u00a0\u00bb140185&Prime;]Tours Priv\u00e9s<br \/>\nen Bateau \u00e0 Santorin<br \/>\nCatamarans et Yachts<\/p>\n<p>[\/vc_custom_heading][vc_custom_heading text_size=\u00a0\u00bbh3&Prime; css_animation=\u00a0\u00bbcurtain\u00a0\u00bb animation_speed=\u00a0\u00bb800&Prime; animation_delay=\u00a0\u00bb100&Prime; interval_animation=\u00a0\u00bb100&Prime; uncode_shortcode_id=\u00a0\u00bb861396&Prime;]Location de Yacht de Luxe avec :<br \/>\nArr\u00eats Baignade, Buffet Grec, Barbecue, Bar Ouvert et Transferts Aller-Retour[\/vc_custom_heading][vc_empty_space][vc_empty_space][vc_icon position=\u00a0\u00bbleft\u00a0\u00bb icon=\u00a0\u00bbfa fa-play\u00a0\u00bb background_style=\u00a0\u00bbfa-rounded\u00a0\u00bb size=\u00a0\u00bbfa-2x\u00a0\u00bb icon_automatic=\u00a0\u00bbyes\u00a0\u00bb shadow=\u00a0\u00bbyes\u00a0\u00bb text_size=\u00a0\u00bbh5&Prime; text_weight=\u00a0\u00bb300&Prime; css_animation=\u00a0\u00bbalpha-anim\u00a0\u00bb animation_speed=\u00a0\u00bb1000&Prime; animation_delay=\u00a0\u00bb1200&Prime; media_lightbox=\u00a0\u00bb131970&Prime; uncode_shortcode_id=\u00a0\u00bb451741&Prime; title=\u00a0\u00bbRegarder notre Vid\u00e9o\u00a0\u00bb][\/vc_icon][\/vc_column][\/vc_row][vc_row row_height_percent=\u00a0\u00bb0&Prime; override_padding=\u00a0\u00bbyes\u00a0\u00bb h_padding=\u00a0\u00bb2&Prime; top_padding=\u00a0\u00bb5&Prime; bottom_padding=\u00a0\u00bb4&Prime; overlay_alpha=\u00a0\u00bb50&Prime; gutter_size=\u00a0\u00bb3&Prime; column_width_percent=\u00a0\u00bb100&Prime; shift_y=\u00a0\u00bb0&Prime; z_index=\u00a0\u00bb0&Prime; content_parallax=\u00a0\u00bb0&Prime; uncode_shortcode_id=\u00a0\u00bb157020&Prime;][vc_column column_width_use_pixel=\u00a0\u00bbyes\u00a0\u00bb align_horizontal=\u00a0\u00bbalign_center\u00a0\u00bb gutter_size=\u00a0\u00bb3&Prime; overlay_alpha=\u00a0\u00bb50&Prime; shift_x=\u00a0\u00bb0&Prime; shift_y=\u00a0\u00bb0&Prime; shift_y_down=\u00a0\u00bb0&Prime; z_index=\u00a0\u00bb0&Prime; medium_width=\u00a0\u00bb0&Prime; mobile_width=\u00a0\u00bb0&Prime; width=\u00a0\u00bb1\/1&Prime; uncode_shortcode_id=\u00a0\u00bb203251&Prime; column_width_pixel=\u00a0\u00bb1100&Prime;][vc_custom_heading uncode_shortcode_id=\u00a0\u00bb169189&Prime;]D\u00e9couvrez Santorin dans un Luxe Absolu<br \/>\navec une Location Priv\u00e9e de Catamaran ![\/vc_custom_heading][vc_column_text uncode_shortcode_id=\u00a0\u00bb214908&Prime;]Embarquez pour un voyage exclusif \u00e0 travers les eaux \u00e0 couper le souffle de Santorin \u00e0 bord d&rsquo;une <strong>location de catamaran de luxe<\/strong>. \u00c9chappez \u00e0 la foule et offrez-vous une exp\u00e9rience de navigation sur mesure, o\u00f9 chaque moment est con\u00e7u pour votre confort et votre plaisir. Que vous c\u00e9l\u00e9briez une occasion sp\u00e9ciale, recherchiez une escapade romantique, ou simplement une aventure inoubliable, nos excursions priv\u00e9es en bateau offrent la fa\u00e7on parfaite d&rsquo;explorer la caldeira embl\u00e9matique de l&rsquo;\u00eele, ses plages cach\u00e9es et ses couchers de soleil envo\u00fbtants.[\/vc_column_text][\/vc_column][\/vc_row][vc_row row_height_percent=\u00a0\u00bb0&Prime; override_padding=\u00a0\u00bbyes\u00a0\u00bb h_padding=\u00a0\u00bb2&Prime; top_padding=\u00a0\u00bb2&Prime; bottom_padding=\u00a0\u00bb3&Prime; overlay_alpha=\u00a0\u00bb50&Prime; equal_height=\u00a0\u00bbyes\u00a0\u00bb gutter_size=\u00a0\u00bb3&Prime; column_width_percent=\u00a0\u00bb100&Prime; shift_y=\u00a0\u00bb0&Prime; z_index=\u00a0\u00bb0&Prime; content_parallax=\u00a0\u00bb0&Prime; el_class=\u00a0\u00bbinverted-device-order\u00a0\u00bb uncode_shortcode_id=\u00a0\u00bb178882&Prime;][vc_column column_width_percent=\u00a0\u00bb100&Prime; position_vertical=\u00a0\u00bbmiddle\u00a0\u00bb align_horizontal=\u00a0\u00bbalign_center\u00a0\u00bb gutter_size=\u00a0\u00bb2&Prime; override_padding=\u00a0\u00bbyes\u00a0\u00bb column_padding=\u00a0\u00bb1&Prime; back_color=\u00a0\u00bbcolor-gyho\u00a0\u00bb overlay_alpha=\u00a0\u00bb50&Prime; radius=\u00a0\u00bbsm\u00a0\u00bb shift_x=\u00a0\u00bb0&Prime; shift_y=\u00a0\u00bb0&Prime; shift_y_down=\u00a0\u00bb0&Prime; z_index=\u00a0\u00bb0&Prime; medium_width=\u00a0\u00bb0&Prime; mobile_width=\u00a0\u00bb0&Prime; width=\u00a0\u00bb1\/2&Prime; uncode_shortcode_id=\u00a0\u00bb132158&Prime; back_color_type=\u00a0\u00bbuncode-palette\u00a0\u00bb][vc_single_image media=\u00a0\u00bb159380&Prime; caption=\u00a0\u00bbyes\u00a0\u00bb media_width_percent=\u00a0\u00bb100&Prime; uncode_shortcode_id=\u00a0\u00bb290656&Prime; media_link=\u00a0\u00bburl:https%3A%2F%2Fsantoriniyachtingcruises.com%2Ffr%2Ftours%2Fcroisiere-privee-en-catamaran-bateau-santorin%2F|title:Croisi%C3%A8re%20priv%C3%A9e%20d%E2%80%99une%20journ%C3%A9e\u00a0\u00bb el_class=\u00a0\u00bbcruises_mosaic\u00a0\u00bb][vc_row_inner][vc_column_inner column_width_percent=\u00a0\u00bb85&Prime; align_horizontal=\u00a0\u00bbalign_center\u00a0\u00bb gutter_size=\u00a0\u00bb3&Prime; overlay_alpha=\u00a0\u00bb50&Prime; shift_x=\u00a0\u00bb0&Prime; shift_y=\u00a0\u00bb0&Prime; shift_y_down=\u00a0\u00bb0&Prime; z_index=\u00a0\u00bb0&Prime; medium_width=\u00a0\u00bb0&Prime; mobile_width=\u00a0\u00bb0&Prime; width=\u00a0\u00bb1\/1&Prime; uncode_shortcode_id=\u00a0\u00bb203308&Prime; css=\u00a0\u00bb.vc_custom_1750078705211{padding-top: 30px !important;}\u00a0\u00bb][vc_custom_heading heading_semantic=\u00a0\u00bbh3&Prime; text_size=\u00a0\u00bbh4&Prime; sub_reduced=\u00a0\u00bbyes\u00a0\u00bb subheading=\u00a0\u00bbPrenez le large dans le luxe et le confort en affr\u00e9tant notrecatamaran exclusif, con\u00e7u pour vous offrir une exp\u00e9riencemaritime in\u00e9gal\u00e9e.\u00a0\u00bb uncode_shortcode_id=\u00a0\u00bb231915&Prime;]<a href=\"\/fr\/tours\/croisiere-privee-en-catamaran-bateau-santorin\/\">Croisi\u00e8re Priv\u00e9e d&rsquo;une journ\u00e9e<\/a>[\/vc_custom_heading][vc_button button_color=\u00a0\u00bbcolor-rgdb\u00a0\u00bb border_width=\u00a0\u00bb0&Prime; link=\u00a0\u00bburl:%23bokun-cruise-5&Prime; button_color_type=\u00a0\u00bbuncode-palette\u00a0\u00bb uncode_shortcode_id=\u00a0\u00bb115910&Prime; onclick=\u00a0\u00bbevent.preventDefault(); abrirBokunWidget(&lsquo;https:\/\/widgets.bokun.io\/online-sales\/4a28b4d5-45b7-45cc-9aea-1112bb7b0987\/experience\/856560?partialView=1&rsquo;); return false;\u00a0\u00bb]DEMANDER R\u00c9SERVATION[\/vc_button][\/vc_column_inner][\/vc_row_inner][vc_empty_space][\/vc_column][vc_column column_width_percent=\u00a0\u00bb100&Prime; align_horizontal=\u00a0\u00bbalign_center\u00a0\u00bb gutter_size=\u00a0\u00bb2&Prime; override_padding=\u00a0\u00bbyes\u00a0\u00bb column_padding=\u00a0\u00bb1&Prime; back_color=\u00a0\u00bbcolor-gyho\u00a0\u00bb overlay_alpha=\u00a0\u00bb50&Prime; radius=\u00a0\u00bbsm\u00a0\u00bb shift_x=\u00a0\u00bb0&Prime; shift_y=\u00a0\u00bb0&Prime; shift_y_down=\u00a0\u00bb0&Prime; z_index=\u00a0\u00bb0&Prime; medium_width=\u00a0\u00bb0&Prime; mobile_width=\u00a0\u00bb0&Prime; width=\u00a0\u00bb1\/2&Prime; uncode_shortcode_id=\u00a0\u00bb495768&Prime; back_color_type=\u00a0\u00bbuncode-palette\u00a0\u00bb][vc_single_image media=\u00a0\u00bb159383&Prime; caption=\u00a0\u00bbyes\u00a0\u00bb media_width_percent=\u00a0\u00bb100&Prime; media_ratio=\u00a0\u00bbthree-two\u00a0\u00bb uncode_shortcode_id=\u00a0\u00bb162252&Prime; media_link=\u00a0\u00bburl:https%3A%2F%2Fsantoriniyachtingcruises.com%2Ffr%2Ftours%2Fprivee-catamaran-santorin-coucher-de-soleil%2F|title:Croisi%C3%A8re%20priv%C3%A9e%20au%20coucher%20du%20soleil\u00a0\u00bb el_class=\u00a0\u00bbcruises_mosaic\u00a0\u00bb][vc_row_inner][vc_column_inner column_width_percent=\u00a0\u00bb85&Prime; align_horizontal=\u00a0\u00bbalign_center\u00a0\u00bb gutter_size=\u00a0\u00bb3&Prime; overlay_alpha=\u00a0\u00bb50&Prime; shift_x=\u00a0\u00bb0&Prime; shift_y=\u00a0\u00bb0&Prime; shift_y_down=\u00a0\u00bb0&Prime; z_index=\u00a0\u00bb0&Prime; medium_width=\u00a0\u00bb0&Prime; mobile_width=\u00a0\u00bb0&Prime; width=\u00a0\u00bb1\/1&Prime; uncode_shortcode_id=\u00a0\u00bb770670&Prime; css=\u00a0\u00bb.vc_custom_1750078694762{padding-top: 30px !important;}\u00a0\u00bb][vc_custom_heading heading_semantic=\u00a0\u00bbh3&Prime; text_size=\u00a0\u00bbh4&Prime; sub_reduced=\u00a0\u00bbyes\u00a0\u00bb subheading=\u00a0\u00bbLe coucher de soleil de Santorin comme vous ne l&rsquo;avez jamaisv\u00e9cu, entour\u00e9s de sophistication et luxe exclusifs.\u00a0\u00bb uncode_shortcode_id=\u00a0\u00bb200580&Prime;]<a href=\"\/fr\/tours\/privee-catamaran-santorin-coucher-de-soleil\/\">Croisi\u00e8re priv\u00e9e au coucher du soleil<\/a>[\/vc_custom_heading][vc_button button_color=\u00a0\u00bbcolor-rgdb\u00a0\u00bb border_width=\u00a0\u00bb0&Prime; link=\u00a0\u00bburl:%23bokun-cruise-6&Prime; button_color_type=\u00a0\u00bbuncode-palette\u00a0\u00bb uncode_shortcode_id=\u00a0\u00bb636191&Prime; onclick=\u00a0\u00bbevent.preventDefault(); abrirBokunWidget(&lsquo;https:\/\/widgets.bokun.io\/online-sales\/4a28b4d5-45b7-45cc-9aea-1112bb7b0987\/experience\/857447?partialView=1&rsquo;); return false;\u00a0\u00bb]DEMANDER R\u00c9SERVATION[\/vc_button][\/vc_column_inner][\/vc_row_inner][vc_empty_space][\/vc_column][\/vc_row][vc_row unlock_row=\u00a0\u00bb\u00a0\u00bb row_height_percent=\u00a0\u00bb0&Prime; override_padding=\u00a0\u00bbyes\u00a0\u00bb h_padding=\u00a0\u00bb2&Prime; top_padding=\u00a0\u00bb3&Prime; bottom_padding=\u00a0\u00bb3&Prime; overlay_alpha=\u00a0\u00bb50&Prime; gutter_size=\u00a0\u00bb3&Prime; column_width_percent=\u00a0\u00bb100&Prime; border_color=\u00a0\u00bbcolor-103872&Prime; border_style=\u00a0\u00bbsolid\u00a0\u00bb shift_y=\u00a0\u00bb0&Prime; z_index=\u00a0\u00bb0&Prime; content_parallax=\u00a0\u00bb0&Prime; uncode_shortcode_id=\u00a0\u00bb211074&Prime; css=\u00a0\u00bb.vc_custom_1750084329825{border-top-width: 1px !important;border-bottom-width: 1px !important;}\u00a0\u00bb border_color_type=\u00a0\u00bbuncode-palette\u00a0\u00bb][vc_column column_width_percent=\u00a0\u00bb100&Prime; gutter_size=\u00a0\u00bb3&Prime; override_padding=\u00a0\u00bbyes\u00a0\u00bb column_padding=\u00a0\u00bb0&Prime; overlay_alpha=\u00a0\u00bb50&Prime; shift_x=\u00a0\u00bb0&Prime; shift_y=\u00a0\u00bb0&Prime; shift_y_down=\u00a0\u00bb0&Prime; z_index=\u00a0\u00bb0&Prime; medium_width=\u00a0\u00bb0&Prime; mobile_width=\u00a0\u00bb0&Prime; uncode_shortcode_id=\u00a0\u00bb652140&Prime;][vc_raw_html]JTNDc2NyaXB0JTIwZGVmZXIlMjBhc3luYyUyMHNyYyUzRCUyN2h0dHBzJTNBJTJGJTJGY2RuLnRydXN0aW5kZXguaW8lMkZsb2FkZXIuanMlM0ZlOWUzYWYzNDY5MGUwNjg0ZjczNjM4NzkxYTAlMjclM0UlM0MlMkZzY3JpcHQlM0U=[\/vc_raw_html][\/vc_column][\/vc_row][vc_row unlock_row=\u00a0\u00bb\u00a0\u00bb row_height_percent=\u00a0\u00bb0&Prime; override_padding=\u00a0\u00bbyes\u00a0\u00bb h_padding=\u00a0\u00bb2&Prime; top_padding=\u00a0\u00bb4&Prime; bottom_padding=\u00a0\u00bb4&Prime; overlay_alpha=\u00a0\u00bb50&Prime; gutter_size=\u00a0\u00bb3&Prime; column_width_percent=\u00a0\u00bb100&Prime; shift_y=\u00a0\u00bb0&Prime; z_index=\u00a0\u00bb0&Prime; content_parallax=\u00a0\u00bb0&Prime; uncode_shortcode_id=\u00a0\u00bb555688&Prime; css=\u00a0\u00bb.vc_custom_1750084009736{border-top-width: 0px !important;}\u00a0\u00bb][vc_column column_width_percent=\u00a0\u00bb100&Prime; gutter_size=\u00a0\u00bb4&Prime; overlay_alpha=\u00a0\u00bb50&Prime; shift_x=\u00a0\u00bb0&Prime; shift_y=\u00a0\u00bb0&Prime; shift_y_down=\u00a0\u00bb0&Prime; z_index=\u00a0\u00bb0&Prime; medium_width=\u00a0\u00bb0&Prime; mobile_width=\u00a0\u00bb0&Prime; width=\u00a0\u00bb1\/1&Prime; uncode_shortcode_id=\u00a0\u00bb196172&Prime;][vc_row_inner row_inner_height_percent=\u00a0\u00bb0&Prime; overlay_alpha=\u00a0\u00bb50&Prime; gutter_size=\u00a0\u00bb5&Prime; shift_y=\u00a0\u00bb0&Prime; z_index=\u00a0\u00bb0&Prime; uncode_shortcode_id=\u00a0\u00bb163922&Prime;][vc_column_inner width=\u00a0\u00bb1\/2&Prime;][vc_single_image media=\u00a0\u00bb134062&Prime; media_width_percent=\u00a0\u00bb100&Prime; uncode_shortcode_id=\u00a0\u00bb149069&Prime;][\/vc_column_inner][vc_column_inner width=\u00a0\u00bb1\/2&Prime;][vc_custom_heading heading_semantic=\u00a0\u00bbh3&Prime; text_size=\u00a0\u00bbh3&Prime; uncode_shortcode_id=\u00a0\u00bb179559&Prime;]M\u00e9thode de Paiement[\/vc_custom_heading][vc_column_text uncode_shortcode_id=\u00a0\u00bb380717&Prime;]Pour nos Locations de Yacht Priv\u00e9es, vous devrez <strong>demander une r\u00e9servation<\/strong>. Une fois votre demande accept\u00e9e, un <strong>acompte de 30%<\/strong> est requis pour garantir votre r\u00e9servation, le paiement int\u00e9gral \u00e9tant d\u00fb 3 jours avant votre location. Votre acompte est <strong>remboursable \u00e0 100%<\/strong> jusqu&rsquo;\u00e0 une semaine avant votre croisi\u00e8re, vous offrant flexibilit\u00e9 et tranquillit\u00e9 d&rsquo;esprit. R\u00e9servez votre excursion priv\u00e9e en catamaran d\u00e8s aujourd&rsquo;hui, pour une exp\u00e9rience maritime inoubliable dans la Caldeira !<\/p>\n<p>Pour les croisi\u00e8res en catamaran semi-priv\u00e9es \u00e0 Santorin, <a href=\"https:\/\/santoriniyachtingcruises.com\/fr\/catamaran-croisieres-santorin\/\">veuillez suivre le lien<\/a>.[\/vc_column_text][\/vc_column_inner][\/vc_row_inner][\/vc_column][\/vc_row]<\/p>\n<\/div>","protected":false},"excerpt":{"rendered":"<p>[vc_row row_height_percent=\u00a0\u00bb40&Prime; override_padding=\u00a0\u00bbyes\u00a0\u00bb h_padding=\u00a0\u00bb2&Prime; top_padding=\u00a0\u00bb5&Prime; bottom_padding=\u00a0\u00bb4&Prime; back_image=\u00a0\u00bb133629&Prime; back_position=\u00a0\u00bbcenter bottom\u00a0\u00bb overlay_color=\u00a0\u00bbcolor-jevc\u00a0\u00bb overlay_alpha=\u00a0\u00bb28&Prime; gutter_size=\u00a0\u00bb3&Prime; column_width_percent=\u00a0\u00bb100&Prime; shift_y=\u00a0\u00bb0&Prime; z_index=\u00a0\u00bb0&Prime; bottom_divider=\u00a0\u00bbgradient\u00a0\u00bb content_parallax=\u00a0\u00bb0&Prime; uncode_shortcode_id=\u00a0\u00bb174851&Prime; overlay_color_type=\u00a0\u00bbuncode-palette\u00a0\u00bb row_height_pixel=\u00a0\u00bb250&Prime;][vc_column [&hellip;]<\/p>\n","protected":false},"author":1,"featured_media":0,"parent":0,"menu_order":0,"comment_status":"closed","ping_status":"closed","template":"","meta":{"footnotes":""},"class_list":["post-133378","page","type-page","status-publish","hentry"],"yoast_head":"<!-- This site is optimized with the Yoast SEO plugin v27.1.1 - https:\/\/yoast.com\/product\/yoast-seo-wordpress\/ -->\n<title>Santorini Private Boat Tours | Luxury Catamaran Yachts<\/title>\n<meta name=\"description\" content=\"Experience the ultimate luxury with a private catamaran or yacht charter in Santorini. Sail across the breathtaking caldera, explore hidden beaches, and enjoy a personalized journey tailored to your desires.\" \/>\n<meta name=\"robots\" content=\"index, follow, max-snippet:-1, max-image-preview:large, max-video-preview:-1\" \/>\n<link rel=\"canonical\" href=\"https:\/\/santoriniyachtingcruises.com\/fr\/tours-prives-en-bateau\/\" \/>\n<meta property=\"og:locale\" content=\"fr_FR\" \/>\n<meta property=\"og:type\" content=\"article\" \/>\n<meta property=\"og:title\" content=\"Santorini Private Boat Tours | Luxury Catamaran Yachts\" \/>\n<meta property=\"og:description\" content=\"Experience the ultimate luxury with a private catamaran or yacht charter in Santorini. Sail across the breathtaking caldera, explore hidden beaches, and enjoy a personalized journey tailored to your desires.\" \/>\n<meta property=\"og:url\" content=\"https:\/\/santoriniyachtingcruises.com\/fr\/tours-prives-en-bateau\/\" \/>\n<meta property=\"og:site_name\" content=\"Santorini Yachting Cruises\" \/>\n<meta property=\"article:modified_time\" content=\"2026-04-16T12:24:34+00:00\" \/>\n<meta name=\"twitter:card\" content=\"summary_large_image\" \/>\n<meta name=\"twitter:label1\" content=\"Dur\u00e9e de lecture estim\u00e9e\" \/>\n\t<meta name=\"twitter:data1\" content=\"3 minutes\" \/>\n<script type=\"application\/ld+json\" class=\"yoast-schema-graph\">{\"@context\":\"https:\/\/schema.org\",\"@graph\":[{\"@type\":\"WebPage\",\"@id\":\"https:\/\/santoriniyachtingcruises.com\/fr\/tours-prives-en-bateau\/\",\"url\":\"https:\/\/santoriniyachtingcruises.com\/fr\/tours-prives-en-bateau\/\",\"name\":\"Santorini Private Boat Tours | Luxury Catamaran Yachts\",\"isPartOf\":{\"@id\":\"https:\/\/santoriniyachtingcruises.com\/fr\/#website\"},\"datePublished\":\"2025-03-13T14:00:21+00:00\",\"dateModified\":\"2026-04-16T12:24:34+00:00\",\"description\":\"Experience the ultimate luxury with a private catamaran or yacht charter in Santorini. Sail across the breathtaking caldera, explore hidden beaches, and enjoy a personalized journey tailored to your desires.\",\"breadcrumb\":{\"@id\":\"https:\/\/santoriniyachtingcruises.com\/fr\/tours-prives-en-bateau\/#breadcrumb\"},\"inLanguage\":\"fr-FR\",\"potentialAction\":[{\"@type\":\"ReadAction\",\"target\":[\"https:\/\/santoriniyachtingcruises.com\/fr\/tours-prives-en-bateau\/\"]}]},{\"@type\":\"BreadcrumbList\",\"@id\":\"https:\/\/santoriniyachtingcruises.com\/fr\/tours-prives-en-bateau\/#breadcrumb\",\"itemListElement\":[{\"@type\":\"ListItem\",\"position\":1,\"name\":\"Home\",\"item\":\"https:\/\/santoriniyachtingcruises.com\/fr\/\"},{\"@type\":\"ListItem\",\"position\":2,\"name\":\"Tours Priv\u00e9s en Bateau\"}]},{\"@type\":\"WebSite\",\"@id\":\"https:\/\/santoriniyachtingcruises.com\/fr\/#website\",\"url\":\"https:\/\/santoriniyachtingcruises.com\/fr\/\",\"name\":\"Santorini Yachting Cruises\",\"description\":\"Catamaran and Power Boat Tours Santorini \",\"potentialAction\":[{\"@type\":\"SearchAction\",\"target\":{\"@type\":\"EntryPoint\",\"urlTemplate\":\"https:\/\/santoriniyachtingcruises.com\/fr\/?s={search_term_string}\"},\"query-input\":{\"@type\":\"PropertyValueSpecification\",\"valueRequired\":true,\"valueName\":\"search_term_string\"}}],\"inLanguage\":\"fr-FR\"}]}<\/script>\n<!-- \/ Yoast SEO plugin. -->","yoast_head_json":{"title":"Santorini Private Boat Tours | Luxury Catamaran Yachts","description":"Experience the ultimate luxury with a private catamaran or yacht charter in Santorini. Sail across the breathtaking caldera, explore hidden beaches, and enjoy a personalized journey tailored to your desires.","robots":{"index":"index","follow":"follow","max-snippet":"max-snippet:-1","max-image-preview":"max-image-preview:large","max-video-preview":"max-video-preview:-1"},"canonical":"https:\/\/santoriniyachtingcruises.com\/fr\/tours-prives-en-bateau\/","og_locale":"fr_FR","og_type":"article","og_title":"Santorini Private Boat Tours | Luxury Catamaran Yachts","og_description":"Experience the ultimate luxury with a private catamaran or yacht charter in Santorini. Sail across the breathtaking caldera, explore hidden beaches, and enjoy a personalized journey tailored to your desires.","og_url":"https:\/\/santoriniyachtingcruises.com\/fr\/tours-prives-en-bateau\/","og_site_name":"Santorini Yachting Cruises","article_modified_time":"2026-04-16T12:24:34+00:00","twitter_card":"summary_large_image","twitter_misc":{"Dur\u00e9e de lecture estim\u00e9e":"3 minutes"},"schema":{"@context":"https:\/\/schema.org","@graph":[{"@type":"WebPage","@id":"https:\/\/santoriniyachtingcruises.com\/fr\/tours-prives-en-bateau\/","url":"https:\/\/santoriniyachtingcruises.com\/fr\/tours-prives-en-bateau\/","name":"Santorini Private Boat Tours | Luxury Catamaran Yachts","isPartOf":{"@id":"https:\/\/santoriniyachtingcruises.com\/fr\/#website"},"datePublished":"2025-03-13T14:00:21+00:00","dateModified":"2026-04-16T12:24:34+00:00","description":"Experience the ultimate luxury with a private catamaran or yacht charter in Santorini. Sail across the breathtaking caldera, explore hidden beaches, and enjoy a personalized journey tailored to your desires.","breadcrumb":{"@id":"https:\/\/santoriniyachtingcruises.com\/fr\/tours-prives-en-bateau\/#breadcrumb"},"inLanguage":"fr-FR","potentialAction":[{"@type":"ReadAction","target":["https:\/\/santoriniyachtingcruises.com\/fr\/tours-prives-en-bateau\/"]}]},{"@type":"BreadcrumbList","@id":"https:\/\/santoriniyachtingcruises.com\/fr\/tours-prives-en-bateau\/#breadcrumb","itemListElement":[{"@type":"ListItem","position":1,"name":"Home","item":"https:\/\/santoriniyachtingcruises.com\/fr\/"},{"@type":"ListItem","position":2,"name":"Tours Priv\u00e9s en Bateau"}]},{"@type":"WebSite","@id":"https:\/\/santoriniyachtingcruises.com\/fr\/#website","url":"https:\/\/santoriniyachtingcruises.com\/fr\/","name":"Santorini Yachting Cruises","description":"Catamaran and Power Boat Tours Santorini ","potentialAction":[{"@type":"SearchAction","target":{"@type":"EntryPoint","urlTemplate":"https:\/\/santoriniyachtingcruises.com\/fr\/?s={search_term_string}"},"query-input":{"@type":"PropertyValueSpecification","valueRequired":true,"valueName":"search_term_string"}}],"inLanguage":"fr-FR"}]}},"_links":{"self":[{"href":"https:\/\/santoriniyachtingcruises.com\/fr\/wp-json\/wp\/v2\/pages\/133378","targetHints":{"allow":["GET"]}}],"collection":[{"href":"https:\/\/santoriniyachtingcruises.com\/fr\/wp-json\/wp\/v2\/pages"}],"about":[{"href":"https:\/\/santoriniyachtingcruises.com\/fr\/wp-json\/wp\/v2\/types\/page"}],"author":[{"embeddable":true,"href":"https:\/\/santoriniyachtingcruises.com\/fr\/wp-json\/wp\/v2\/users\/1"}],"replies":[{"embeddable":true,"href":"https:\/\/santoriniyachtingcruises.com\/fr\/wp-json\/wp\/v2\/comments?post=133378"}],"version-history":[{"count":65,"href":"https:\/\/santoriniyachtingcruises.com\/fr\/wp-json\/wp\/v2\/pages\/133378\/revisions"}],"predecessor-version":[{"id":160052,"href":"https:\/\/santoriniyachtingcruises.com\/fr\/wp-json\/wp\/v2\/pages\/133378\/revisions\/160052"}],"wp:attachment":[{"href":"https:\/\/santoriniyachtingcruises.com\/fr\/wp-json\/wp\/v2\/media?parent=133378"}],"curies":[{"name":"wp","href":"https:\/\/api.w.org\/{rel}","templated":true}]}}